{"id":1526,"date":"2021-03-08T16:55:15","date_gmt":"2021-03-08T16:55:15","guid":{"rendered":"https:\/\/www.alphacollisionband.com\/?page_id=1526"},"modified":"2026-01-03T15:19:26","modified_gmt":"2026-01-03T15:19:26","slug":"ivan","status":"publish","type":"page","link":"https:\/\/www.alphacollisionband.com\/index.php\/ivan\/","title":{"rendered":"Vicente"},"content":{"rendered":"\t\t<div data-elementor-type=\"wp-page\" data-elementor-id=\"1526\" class=\"elementor elementor-1526\">\n\t\t\t\t\t\t<section class=\"elementor-section elementor-top-section elementor-element elementor-element-8032821 elementor-hidden-desktop elementor-section-boxed elementor-section-height-default elementor-section-height-default elementor-invisible\" data-id=\"8032821\" data-element_type=\"section\" data-settings=\"{&quot;background_background&quot;:&quot;classic&quot;,&quot;animation&quot;:&quot;fadeIn&quot;}\">\n\t\t\t\t\t\t<div class=\"elementor-container elementor-column-gap-default\">\n\t\t\t\t\t<div class=\"elementor-column elementor-col-100 elementor-top-column elementor-element elementor-element-7c8549f\" data-id=\"7c8549f\" data-element_type=\"column\">\n\t\t\t<div class=\"elementor-widget-wrap elementor-element-populated\">\n\t\t\t\t\t\t<div class=\"elementor-element elementor-element-25e9fbb elementor-widget elementor-widget-heading\" data-id=\"25e9fbb\" data-element_type=\"widget\" data-widget_type=\"heading.default\">\n\t\t\t\t<div class=\"elementor-widget-container\">\n\t\t\t\t\t<h2 class=\"elementor-heading-title elementor-size-default\">Vicente<\/h2>\t\t\t\t<\/div>\n\t\t\t\t<\/div>\n\t\t\t\t<div class=\"elementor-element elementor-element-5b41a0a elementor-widget elementor-widget-image\" data-id=\"5b41a0a\" data-element_type=\"widget\" data-widget_type=\"image.default\">\n\t\t\t\t<div class=\"elementor-widget-container\">\n\t\t\t\t\t\t\t\t\t\t\t\t\t\t\t<img fetchpriority=\"high\" decoding=\"async\" width=\"612\" height=\"612\" src=\"https:\/\/www.alphacollisionband.com\/wp-content\/uploads\/2026\/01\/istockphoto-2171382633-612x612-1.jpg\" class=\"attachment-large size-large wp-image-2459\" alt=\"\" srcset=\"https:\/\/www.alphacollisionband.com\/wp-content\/uploads\/2026\/01\/istockphoto-2171382633-612x612-1.jpg 612w, https:\/\/www.alphacollisionband.com\/wp-content\/uploads\/2026\/01\/istockphoto-2171382633-612x612-1-300x300.jpg 300w, https:\/\/www.alphacollisionband.com\/wp-content\/uploads\/2026\/01\/istockphoto-2171382633-612x612-1-150x150.jpg 150w\" sizes=\"(max-width: 612px) 100vw, 612px\" \/>\t\t\t\t\t\t\t\t\t\t\t\t\t\t\t<\/div>\n\t\t\t\t<\/div>\n\t\t\t\t<div class=\"elementor-element elementor-element-465031e elementor-widget elementor-widget-text-editor\" data-id=\"465031e\" data-element_type=\"widget\" data-widget_type=\"text-editor.default\">\n\t\t\t\t<div class=\"elementor-widget-container\">\n\t\t\t\t\t\t\t\t\t<p style=\"text-align: center;\">Tejedor de tormentas arm\u00f3nicas. All\u00ed donde el caos amenaza con devorarlo todo, Vicente es precisi\u00f3n y filo. Sus melod\u00edas orbitan como astros afilados, trazando el camino entre la violencia y la trascendencia.<\/p>\t\t\t\t\t\t\t\t<\/div>\n\t\t\t\t<\/div>\n\t\t\t\t\t<\/div>\n\t\t<\/div>\n\t\t\t\t\t<\/div>\n\t\t<\/section>\n\t\t\t\t<section class=\"elementor-section elementor-top-section elementor-element elementor-element-b62e2cd elementor-hidden-tablet elementor-hidden-phone elementor-section-boxed elementor-section-height-default elementor-section-height-default\" data-id=\"b62e2cd\" data-element_type=\"section\" data-settings=\"{&quot;background_background&quot;:&quot;classic&quot;}\">\n\t\t\t\t\t\t<div class=\"elementor-container elementor-column-gap-default\">\n\t\t\t\t\t<div class=\"elementor-column elementor-col-50 elementor-top-column elementor-element elementor-element-ae432f6\" data-id=\"ae432f6\" data-element_type=\"column\">\n\t\t\t<div class=\"elementor-widget-wrap elementor-element-populated\">\n\t\t\t\t\t\t<div class=\"elementor-element elementor-element-fca2160 elementor-widget elementor-widget-image\" data-id=\"fca2160\" data-element_type=\"widget\" data-widget_type=\"image.default\">\n\t\t\t\t<div class=\"elementor-widget-container\">\n\t\t\t\t\t\t\t\t\t\t\t\t\t\t\t<img decoding=\"async\" width=\"300\" height=\"300\" src=\"https:\/\/www.alphacollisionband.com\/wp-content\/uploads\/2026\/01\/istockphoto-2171382633-612x612-1-300x300.jpg\" class=\"attachment-medium size-medium wp-image-2459\" alt=\"\" srcset=\"https:\/\/www.alphacollisionband.com\/wp-content\/uploads\/2026\/01\/istockphoto-2171382633-612x612-1-300x300.jpg 300w, https:\/\/www.alphacollisionband.com\/wp-content\/uploads\/2026\/01\/istockphoto-2171382633-612x612-1-150x150.jpg 150w, https:\/\/www.alphacollisionband.com\/wp-content\/uploads\/2026\/01\/istockphoto-2171382633-612x612-1.jpg 612w\" sizes=\"(max-width: 300px) 100vw, 300px\" \/>\t\t\t\t\t\t\t\t\t\t\t\t\t\t\t<\/div>\n\t\t\t\t<\/div>\n\t\t\t\t\t<\/div>\n\t\t<\/div>\n\t\t\t\t<div class=\"elementor-column elementor-col-50 elementor-top-column elementor-element elementor-element-e7429cf\" data-id=\"e7429cf\" data-element_type=\"column\">\n\t\t\t<div class=\"elementor-widget-wrap elementor-element-populated\">\n\t\t\t\t\t\t<div class=\"elementor-element elementor-element-691c91d elementor-widget elementor-widget-heading\" data-id=\"691c91d\" data-element_type=\"widget\" data-widget_type=\"heading.default\">\n\t\t\t\t<div class=\"elementor-widget-container\">\n\t\t\t\t\t<h2 class=\"elementor-heading-title elementor-size-default\">Vicente<\/h2>\t\t\t\t<\/div>\n\t\t\t\t<\/div>\n\t\t\t\t<div class=\"elementor-element elementor-element-5ac955a elementor-widget elementor-widget-text-editor\" data-id=\"5ac955a\" data-element_type=\"widget\" data-widget_type=\"text-editor.default\">\n\t\t\t\t<div class=\"elementor-widget-container\">\n\t\t\t\t\t\t\t\t\t<p>Tejedor de tormentas arm\u00f3nicas. All\u00ed donde el caos amenaza con devorarlo todo, Vicente es precisi\u00f3n y filo. Sus melod\u00edas orbitan como astros afilados, trazando el camino entre la violencia y la trascendencia.<\/p>\t\t\t\t\t\t\t\t<\/div>\n\t\t\t\t<\/div>\n\t\t\t\t\t<\/div>\n\t\t<\/div>\n\t\t\t\t\t<\/div>\n\t\t<\/section>\n\t\t\t\t<\/div>\n\t\t","protected":false},"excerpt":{"rendered":"<p>Vicente Tejedor de tormentas arm\u00f3nicas. All\u00ed donde el caos amenaza con devorarlo todo, Vicente es precisi\u00f3n y filo. Sus melod\u00edas orbitan como astros afilados, trazando el camino entre la violencia y la trascendencia. Vicente Tejedor de tormentas arm\u00f3nicas. All\u00ed donde el caos amenaza con devorarlo <span class=\"read-more\"><a class=\"more-link btn btn-transparent\" href=\"https:\/\/www.alphacollisionband.com\/index.php\/ivan\/\">Leer m\u00e1s&#8230;<\/a><\/span><\/p>\n","protected":false},"author":1,"featured_media":0,"parent":0,"menu_order":0,"comment_status":"closed","ping_status":"closed","template":"","meta":{"footnotes":""},"class_list":["post-1526","page","type-page","status-publish","hentry"],"_links":{"self":[{"href":"https:\/\/www.alphacollisionband.com\/index.php\/wp-json\/wp\/v2\/pages\/1526","targetHints":{"allow":["GET"]}}],"collection":[{"href":"https:\/\/www.alphacollisionband.com\/index.php\/wp-json\/wp\/v2\/pages"}],"about":[{"href":"https:\/\/www.alphacollisionband.com\/index.php\/wp-json\/wp\/v2\/types\/page"}],"author":[{"embeddable":true,"href":"https:\/\/www.alphacollisionband.com\/index.php\/wp-json\/wp\/v2\/users\/1"}],"replies":[{"embeddable":true,"href":"https:\/\/www.alphacollisionband.com\/index.php\/wp-json\/wp\/v2\/comments?post=1526"}],"version-history":[{"count":39,"href":"https:\/\/www.alphacollisionband.com\/index.php\/wp-json\/wp\/v2\/pages\/1526\/revisions"}],"predecessor-version":[{"id":2462,"href":"https:\/\/www.alphacollisionband.com\/index.php\/wp-json\/wp\/v2\/pages\/1526\/revisions\/2462"}],"wp:attachment":[{"href":"https:\/\/www.alphacollisionband.com\/index.php\/wp-json\/wp\/v2\/media?parent=1526"}],"curies":[{"name":"wp","href":"https:\/\/api.w.org\/{rel}","templated":true}]}}